{"id":772,"date":"2024-02-26T08:59:35","date_gmt":"2024-02-26T11:59:35","guid":{"rendered":"https:\/\/peripan.com.br\/?page_id=772"},"modified":"2025-01-30T14:14:04","modified_gmt":"2025-01-30T17:14:04","slug":"codigo-de-etica-e-conduta","status":"publish","type":"page","link":"https:\/\/peripan.com.br\/?page_id=772","title":{"rendered":"C\u00f3digo de \u00c9tica e Conduta"},"content":{"rendered":"<section class=\"l-section wpb_row height_auto with_img\"><div class=\"l-section-img\" data-img-width=\"1920\" data-img-height=\"400\" style=\"background-image: url(https:\/\/peripan.com.br\/wp-content\/uploads\/2024\/02\/bg.jpg);\"><\/div><div class=\"l-section-h i-cf\"><div class=\"g-cols vc_row via_grid cols_1 laptops-cols_inherit tablets-cols_inherit mobiles-cols_1 valign_bottom type_default stacking_default\"><div class=\"wpb_column vc_column_container\"><div class=\"vc_column-inner\"><div class=\"w-separator size_custom\" style=\"height:70px\"><\/div><div class=\"g-cols wpb_row us_custom_e29fe34e via_grid cols_1 laptops-cols_inherit tablets-cols_inherit mobiles-cols_1 valign_bottom type_default stacking_default\"><div class=\"wpb_column vc_column_container\"><div class=\"vc_column-inner\"><div class=\"wpb_text_column us_custom_5f3ccf0d has_text_color\"><div class=\"wpb_wrapper\"><h2>C\u00f3digo de <strong>\u00c9tica<\/strong> e <strong>Conduta<\/strong><\/h2>\n<\/div><\/div><\/div><\/div><\/div><\/div><\/div><\/div><\/div><\/section><section class=\"l-section wpb_row height_small\"><div class=\"l-section-h i-cf\"><div class=\"g-cols vc_row via_grid cols_2 laptops-cols_inherit tablets-cols_inherit mobiles-cols_1 valign_middle type_default stacking_default\"><div class=\"wpb_column vc_column_container\"><div class=\"vc_column-inner\"><div class=\"wpb_text_column\"><div class=\"wpb_wrapper\"><p style=\"text-align: justify;\">Nosso Canal de Den\u00fancias \u00e9 um espa\u00e7o seguro para relatar comportamentos inadequados, viola\u00e7\u00f5es \u00e9ticas ou pr\u00e1ticas question\u00e1veis. Encorajamos a den\u00fancia de qualquer forma de m\u00e1 conduta, garantindo investiga\u00e7\u00f5es imparciais e confidenciais. Sua coragem em relatar \u00e9 fundamental para promover um ambiente mais seguro e \u00e9tico para todos. Juntos, podemos fazer a diferen\u00e7a. Clique ao lado para iniciar sua den\u00fancia de forma segura e confidencial.<\/p>\n<\/div><\/div><\/div><\/div><div class=\"wpb_column vc_column_container\"><div class=\"vc_column-inner\"><div class=\"w-btn-wrapper align_none\"><a class=\"w-btn us-btn-style_3\" title=\"Baixar C\u00f3digo de \u00c9tica e Conduta\" href=\"https:\/\/peripan.com.br\/wp-content\/uploads\/2024\/12\/MANUAL-DO-COLABORADOR-2025_compressed.pdf\"><span class=\"w-btn-label\">Baixar C\u00f3digo de \u00c9tica e Conduta<\/span><\/a><\/div><div class=\"w-btn-wrapper align_none\"><a class=\"w-btn us-btn-style_3\" title=\"Canal de Den\u00fancias\" href=\"http:\/\/grupo.peripan.com.br\/CanalConduta\"><span class=\"w-btn-label\">Canal de Den\u00fancias<\/span><\/a><\/div><\/div><\/div><\/div><\/div><\/section><section class=\"l-section wpb_row height_small\"><div class=\"l-section-h i-cf\"><div class=\"g-cols vc_row via_grid cols_1 laptops-cols_inherit tablets-cols_inherit mobiles-cols_1 valign_top type_default stacking_default\"><div class=\"wpb_column vc_column_container\"><div class=\"vc_column-inner\"><\/div><\/div><\/div><\/div><\/section>\n","protected":false},"excerpt":{"rendered":"C\u00f3digo de \u00c9tica e Conduta Nosso Canal de Den\u00fancias \u00e9 um espa\u00e7o seguro para relatar comportamentos inadequados, viola\u00e7\u00f5es \u00e9ticas ou pr\u00e1ticas question\u00e1veis. Encorajamos a den\u00fancia de qualquer forma de m\u00e1 conduta, garantindo investiga\u00e7\u00f5es imparciais e confidenciais. Sua coragem em relatar \u00e9 fundamental para promover um ambiente mais seguro e \u00e9tico para todos. Juntos, podemos fazer...","protected":false},"author":5,"featured_media":0,"parent":0,"menu_order":0,"comment_status":"closed","ping_status":"closed","template":"","meta":{"footnotes":""},"class_list":["post-772","page","type-page","status-publish","hentry"],"acf":[],"_links":{"self":[{"href":"https:\/\/peripan.com.br\/index.php?rest_route=\/wp\/v2\/pages\/772","targetHints":{"allow":["GET"]}}],"collection":[{"href":"https:\/\/peripan.com.br\/index.php?rest_route=\/wp\/v2\/pages"}],"about":[{"href":"https:\/\/peripan.com.br\/index.php?rest_route=\/wp\/v2\/types\/page"}],"author":[{"embeddable":true,"href":"https:\/\/peripan.com.br\/index.php?rest_route=\/wp\/v2\/users\/5"}],"replies":[{"embeddable":true,"href":"https:\/\/peripan.com.br\/index.php?rest_route=%2Fwp%2Fv2%2Fcomments&post=772"}],"version-history":[{"count":16,"href":"https:\/\/peripan.com.br\/index.php?rest_route=\/wp\/v2\/pages\/772\/revisions"}],"predecessor-version":[{"id":8196,"href":"https:\/\/peripan.com.br\/index.php?rest_route=\/wp\/v2\/pages\/772\/revisions\/8196"}],"wp:attachment":[{"href":"https:\/\/peripan.com.br\/index.php?rest_route=%2Fwp%2Fv2%2Fmedia&parent=772"}],"curies":[{"name":"wp","href":"https:\/\/api.w.org\/{rel}","templated":true}]}}