{"id":769,"date":"2024-02-26T08:59:15","date_gmt":"2024-02-26T11:59:15","guid":{"rendered":"https:\/\/peripan.com.br\/?page_id=769"},"modified":"2024-05-09T11:26:19","modified_gmt":"2024-05-09T14:26:19","slug":"politica-de-protecao-de-dados","status":"publish","type":"page","link":"https:\/\/peripan.com.br\/?page_id=769","title":{"rendered":"Pol\u00edtica de Prote\u00e7\u00e3o de Dados"},"content":{"rendered":"<section class=\"l-section wpb_row height_auto with_img\"><div class=\"l-section-img\" data-img-width=\"1920\" data-img-height=\"400\" style=\"background-image: url(https:\/\/peripan.com.br\/wp-content\/uploads\/2024\/02\/bg.jpg);\"><\/div><div class=\"l-section-h i-cf\"><div class=\"g-cols vc_row via_grid cols_1 laptops-cols_inherit tablets-cols_inherit mobiles-cols_1 valign_bottom type_default stacking_default\"><div class=\"wpb_column vc_column_container\"><div class=\"vc_column-inner\"><div class=\"w-separator size_custom\" style=\"height:70px\"><\/div><div class=\"g-cols wpb_row us_custom_e29fe34e via_grid cols_1 laptops-cols_inherit tablets-cols_inherit mobiles-cols_1 valign_bottom type_default stacking_default\"><div class=\"wpb_column vc_column_container\"><div class=\"vc_column-inner\"><div class=\"wpb_text_column us_custom_5f3ccf0d has_text_color\"><div class=\"wpb_wrapper\"><h2>Pol\u00edtica de <strong>Prote\u00e7\u00e3o de Dados<\/strong><\/h2>\n<\/div><\/div><\/div><\/div><\/div><\/div><\/div><\/div><\/div><\/section><section class=\"l-section wpb_row height_small\"><div class=\"l-section-h i-cf\"><div class=\"g-cols vc_row via_grid cols_2 laptops-cols_inherit tablets-cols_inherit mobiles-cols_1 valign_middle type_default stacking_default\"><div class=\"wpb_column vc_column_container\"><div class=\"vc_column-inner\"><div class=\"wpb_text_column\"><div class=\"wpb_wrapper\"><p style=\"text-align: justify;\">O GRUPO PERIPAN composto pelas empresas Peripan Industrial Ltda. e Confec\u00e7\u00e3o e Passamanaria Destaque Ltda., respeita a privacidade de todos os TITULARES de dados pessoais, estando, dessa forma empenhada em tomar todas as medidas poss\u00edveis visando assegurar a prote\u00e7\u00e3o dos dados pessoais tratados, em conformidade com a legisla\u00e7\u00e3o vigente.<\/p>\n<p style=\"text-align: justify;\">Essa Pol\u00edtica de Prote\u00e7\u00e3o de Dados e Privacidade foi criada para demonstrar o comprometimento do GRUPO PERIPAN com a privacidade e seguran\u00e7a de informa\u00e7\u00f5es de pessoas e aplica-se \u00e0s atividades de tratamento de dados pessoais de clientes, potenciais clientes, colaboradores, fornecedores, representantes, candidatos a vagas de emprego, bem como de visitantes de nossa f\u00e1brica, escrit\u00f3rios administrativos, do nosso site e plataformas controladas pelo GRUPO.<\/p>\n<\/div><\/div><\/div><\/div><div class=\"wpb_column vc_column_container\"><div class=\"vc_column-inner\"><div class=\"w-btn-wrapper align_center\"><a class=\"w-btn us-btn-style_3\" title=\"Baixar Arquivo\" href=\"https:\/\/peripan.com.br\/wp-content\/uploads\/2024\/02\/Politica_de_Protecao_de_Dados-_Alt-1647438507.pdf\"><span class=\"w-btn-label\">Pol\u00edtica de Prote\u00e7\u00e3o de Dados<\/span><\/a><\/div><\/div><\/div><\/div><\/div><\/section><section class=\"l-section wpb_row height_small\"><div class=\"l-section-h i-cf\"><div class=\"g-cols vc_row via_grid cols_1 laptops-cols_inherit tablets-cols_inherit mobiles-cols_1 valign_top type_default stacking_default\"><div class=\"wpb_column vc_column_container\"><div class=\"vc_column-inner\"><\/div><\/div><\/div><\/div><\/section>\n","protected":false},"excerpt":{"rendered":"Pol\u00edtica de Prote\u00e7\u00e3o de Dados O GRUPO PERIPAN composto pelas empresas Peripan Industrial Ltda. e Confec\u00e7\u00e3o e Passamanaria Destaque Ltda., respeita a privacidade de todos os TITULARES de dados pessoais, estando, dessa forma empenhada em tomar todas as medidas poss\u00edveis visando assegurar a prote\u00e7\u00e3o dos dados pessoais tratados, em conformidade com a legisla\u00e7\u00e3o vigente. Essa...","protected":false},"author":5,"featured_media":0,"parent":0,"menu_order":0,"comment_status":"closed","ping_status":"closed","template":"","meta":{"footnotes":""},"class_list":["post-769","page","type-page","status-publish","hentry"],"acf":[],"_links":{"self":[{"href":"https:\/\/peripan.com.br\/index.php?rest_route=\/wp\/v2\/pages\/769","targetHints":{"allow":["GET"]}}],"collection":[{"href":"https:\/\/peripan.com.br\/index.php?rest_route=\/wp\/v2\/pages"}],"about":[{"href":"https:\/\/peripan.com.br\/index.php?rest_route=\/wp\/v2\/types\/page"}],"author":[{"embeddable":true,"href":"https:\/\/peripan.com.br\/index.php?rest_route=\/wp\/v2\/users\/5"}],"replies":[{"embeddable":true,"href":"https:\/\/peripan.com.br\/index.php?rest_route=%2Fwp%2Fv2%2Fcomments&post=769"}],"version-history":[{"count":10,"href":"https:\/\/peripan.com.br\/index.php?rest_route=\/wp\/v2\/pages\/769\/revisions"}],"predecessor-version":[{"id":5710,"href":"https:\/\/peripan.com.br\/index.php?rest_route=\/wp\/v2\/pages\/769\/revisions\/5710"}],"wp:attachment":[{"href":"https:\/\/peripan.com.br\/index.php?rest_route=%2Fwp%2Fv2%2Fmedia&parent=769"}],"curies":[{"name":"wp","href":"https:\/\/api.w.org\/{rel}","templated":true}]}}