{"id":443,"date":"2024-02-14T08:35:27","date_gmt":"2024-02-14T11:35:27","guid":{"rendered":"https:\/\/peripan.com.br\/?page_id=443"},"modified":"2026-02-27T14:19:55","modified_gmt":"2026-02-27T17:19:55","slug":"politica-de-qualidade","status":"publish","type":"page","link":"https:\/\/peripan.com.br\/?page_id=443","title":{"rendered":"Pol\u00edtica de Qualidade"},"content":{"rendered":"<section class=\"l-section wpb_row height_auto with_img\"><div class=\"l-section-img\" data-img-width=\"1920\" data-img-height=\"400\" style=\"background-image: url(https:\/\/peripan.com.br\/wp-content\/uploads\/2024\/02\/bg.jpg);\"><\/div><div class=\"l-section-h i-cf\"><div class=\"g-cols vc_row via_grid cols_1 laptops-cols_inherit tablets-cols_inherit mobiles-cols_1 valign_bottom type_default stacking_default\"><div class=\"wpb_column vc_column_container\"><div class=\"vc_column-inner\"><div class=\"w-separator size_custom\" style=\"height:70px\"><\/div><div class=\"g-cols wpb_row us_custom_e29fe34e via_grid cols_1 laptops-cols_inherit tablets-cols_inherit mobiles-cols_1 valign_bottom type_default stacking_default\"><div class=\"wpb_column vc_column_container\"><div class=\"vc_column-inner\"><div class=\"wpb_text_column us_custom_5f3ccf0d has_text_color\"><div class=\"wpb_wrapper\"><h2>Pol\u00edtica da <strong>Qualidade<\/strong><\/h2>\n<\/div><\/div><\/div><\/div><\/div><\/div><\/div><\/div><\/div><\/section><section class=\"l-section wpb_row height_small\"><div class=\"l-section-h i-cf\"><div class=\"g-cols vc_row via_grid cols_2 laptops-cols_inherit tablets-cols_inherit mobiles-cols_1 valign_middle type_default stacking_default\"><div class=\"wpb_column vc_column_container\"><div class=\"vc_column-inner\"><div class=\"wpb_text_column\"><div class=\"wpb_wrapper\"><p style=\"text-align: justify\">A Peripan Industrial Ltda. busca ser a empresa de refer\u00eancia inovadora, reconhecida como a melhor op\u00e7\u00e3o por clientes, colaboradores e fornecedores, pela qualidade e confiabilidade de seus produtos. Estamos comprometidos com o aumento da satisfa\u00e7\u00e3o das partes interessadas, atrav\u00e9s da melhoria cont\u00ednua, fornecendo tecidos em algod\u00e3o puro e misturas, para aplica\u00e7\u00e3o em vestu\u00e1rio, de acordo com requisitos estabelecidos, pautados pela sustentabilidade econ\u00f4mica, social e ambiental.<\/p>\n<\/div><\/div><\/div><\/div><div class=\"wpb_column vc_column_container\"><div class=\"vc_column-inner\"><div class=\"w-btn-wrapper align_none\"><a class=\"w-btn us-btn-style_3 icon_atleft\" target=\"_blank\" href=\"https:\/\/peripan.com.br\/wp-content\/uploads\/2026\/02\/Politica-de-Qualidade-Grupo-Peripan-Otimizado.pdf\" rel=\"noopener\"><i class=\"fas fa-file-pdf\"><\/i><span class=\"w-btn-label\">Baixar Pol\u00edtica da Qualidade<\/span><\/a><\/div><\/div><\/div><\/div><\/div><\/section><section class=\"l-section wpb_row us_custom_a518f36e us_animate_this height_small\"><div class=\"l-section-h i-cf\"><div class=\"g-cols vc_row via_grid cols_3 laptops-cols_inherit tablets-cols_inherit mobiles-cols_1 valign_top type_default stacking_default\"><div class=\"wpb_column vc_column_container us_custom_3ed718e6 has_bg_color\"><div class=\"vc_column-inner\"><div class=\"wpb_text_column us_custom_6a74088f has_text_color\"><div class=\"wpb_wrapper\"><h2 style=\"text-align: center;\"><strong><img loading=\"lazy\" decoding=\"async\" class=\"alignnone wp-image-5694 size-thumbnail\" src=\"https:\/\/peripan.com.br\/wp-content\/uploads\/2024\/05\/missao-1-150x150.png\" alt=\"\" width=\"150\" height=\"150\" srcset=\"https:\/\/peripan.com.br\/wp-content\/uploads\/2024\/05\/missao-1-150x150.png 150w, https:\/\/peripan.com.br\/wp-content\/uploads\/2024\/05\/missao-1-300x300.png 300w, https:\/\/peripan.com.br\/wp-content\/uploads\/2024\/05\/missao-1.png 375w\" sizes=\"auto, (max-width: 150px) 100vw, 150px\" \/><\/strong><\/h2>\n<\/div><\/div><div class=\"wpb_text_column\"><div class=\"wpb_wrapper\"><p style=\"text-align: justify;\">Aperfei\u00e7oar e desenvolver nosso neg\u00f3cio, fornecendo tecidos e vi\u00e9s de alta confiabilidade e qualidade.<\/p>\n<\/div><\/div><\/div><\/div><div class=\"wpb_column vc_column_container us_custom_3ed718e6 has_bg_color\"><div class=\"vc_column-inner\"><div class=\"wpb_text_column us_custom_6a74088f has_text_color\"><div class=\"wpb_wrapper\"><p><img loading=\"lazy\" decoding=\"async\" class=\"aligncenter wp-image-5693 size-thumbnail\" src=\"https:\/\/peripan.com.br\/wp-content\/uploads\/2024\/05\/visao-2-150x150.png\" alt=\"\" width=\"150\" height=\"150\" srcset=\"https:\/\/peripan.com.br\/wp-content\/uploads\/2024\/05\/visao-2-150x150.png 150w, https:\/\/peripan.com.br\/wp-content\/uploads\/2024\/05\/visao-2-300x300.png 300w, https:\/\/peripan.com.br\/wp-content\/uploads\/2024\/05\/visao-2.png 375w\" sizes=\"auto, (max-width: 150px) 100vw, 150px\" \/><\/p>\n<\/div><\/div><div class=\"wpb_text_column\"><div class=\"wpb_wrapper\"><p style=\"text-align: justify;\">Ser empresa refer\u00eancia inovadora, reconhecida como a melhor op\u00e7\u00e3o por clientes, colaboradores e fornecedores, pela qualidade de nossos produtos.<\/p>\n<\/div><\/div><\/div><\/div><div class=\"wpb_column vc_column_container us_custom_3ed718e6 has_bg_color\"><div class=\"vc_column-inner\"><div class=\"wpb_text_column us_custom_6a74088f has_text_color\"><div class=\"wpb_wrapper\"><p><img loading=\"lazy\" decoding=\"async\" class=\"aligncenter wp-image-5695 size-thumbnail\" src=\"https:\/\/peripan.com.br\/wp-content\/uploads\/2024\/05\/valores-3-150x150.png\" alt=\"\" width=\"150\" height=\"150\" srcset=\"https:\/\/peripan.com.br\/wp-content\/uploads\/2024\/05\/valores-3-150x150.png 150w, https:\/\/peripan.com.br\/wp-content\/uploads\/2024\/05\/valores-3-300x300.png 300w, https:\/\/peripan.com.br\/wp-content\/uploads\/2024\/05\/valores-3.png 375w\" sizes=\"auto, (max-width: 150px) 100vw, 150px\" \/><\/p>\n<\/div><\/div><div class=\"wpb_text_column\"><div class=\"wpb_wrapper\"><p style=\"text-align: justify;\">Ter a prefer\u00eancia do cliente; Pessoas respeitadas, comprometidas e realizadas; Excel\u00eancia com simplicidade; Foco nos resultados; Sustentabilidade econ\u00f4mica, social e ambiental.<\/p>\n<\/div><\/div><\/div><\/div><\/div><\/div><\/section><section class=\"l-section wpb_row height_small\"><div class=\"l-section-h i-cf\"><div class=\"g-cols vc_row via_grid cols_2 laptops-cols_inherit tablets-cols_inherit mobiles-cols_1 valign_top type_default stacking_default\"><div class=\"wpb_column vc_column_container\"><div class=\"vc_column-inner\"><div class=\"wpb_text_column us_custom_5f3ccf0d has_text_color\"><div class=\"wpb_wrapper\"><h2>ISO 9001<\/h2>\n<\/div><\/div><div class=\"wpb_text_column\"><div class=\"wpb_wrapper\"><p style=\"text-align: justify;\">A Peripan Industrial Ltda. \u00e9 uma empresa certificada no sistema de gest\u00e3o da qualidade ISO 9001.<\/p>\n<p style=\"text-align: justify;\">Essa certifica\u00e7\u00e3o evidencia nosso compromisso com a qualidade total de nossos produtos, com foco na satisfa\u00e7\u00e3o dos clientes, por meio da melhoria cont\u00ednua de nossas atividades. Tal compromisso refor\u00e7a, para cada um de n\u00f3s da equipe Peripan, clientes e fornecedores, a certeza de um desenvolvimento correto e assertivo, que busca, a cada dia, a excel\u00eancia no atendimento a todos os requisitos.<\/p>\n<p><img loading=\"lazy\" decoding=\"async\" class=\"aligncenter wp-image-5679 \" src=\"https:\/\/peripan.com.br\/wp-content\/uploads\/2024\/05\/ISO-9001-1-300x150.png\" alt=\"\" width=\"344\" height=\"172\" srcset=\"https:\/\/peripan.com.br\/wp-content\/uploads\/2024\/05\/ISO-9001-1-300x150.png 300w, https:\/\/peripan.com.br\/wp-content\/uploads\/2024\/05\/ISO-9001-1-1024x512.png 1024w\" sizes=\"auto, (max-width: 344px) 100vw, 344px\" \/><\/p>\n<\/div><\/div><\/div><\/div><div class=\"wpb_column vc_column_container hide_on_default hide_on_laptops hide_on_tablets hide_on_mobiles\"><div class=\"vc_column-inner\"><div class=\"wpb_text_column us_custom_5f3ccf0d has_text_color\"><div class=\"wpb_wrapper\"><h2>ABVTEX<\/h2>\n<\/div><\/div><div class=\"wpb_text_column\"><div class=\"wpb_wrapper\"><p style=\"text-align: justify;\">A Peripan Industrial Ltda. <span data-teams=\"true\">conquistou a certifica\u00e7\u00e3o <strong>ABVTEX Ouro<\/strong>, que reconhece nosso compromisso com as melhores pr\u00e1ticas no setor t\u00eaxtil, especialmente em rela\u00e7\u00e3o \u00e0s condi\u00e7\u00f5es de trabalho e \u00e0 responsabilidade socioambiental.<\/span><\/p>\n<p style=\"text-align: justify;\"><span data-teams=\"true\">Essa nova conquista refor\u00e7a o nosso compromisso em promover um ambiente de trabalho seguro e sustent\u00e1vel, al\u00e9m de garantir que os nossos processos atendem a padr\u00f5es de \u00e9tica e responsabilidade.<\/span><\/p>\n<p>&nbsp;<\/p>\n<p><img loading=\"lazy\" decoding=\"async\" class=\"wp-image-8040 aligncenter\" src=\"https:\/\/peripan.com.br\/wp-content\/uploads\/2025\/01\/24Nov14a-Selos-ABVTEX-ouro-300x300.png\" alt=\"\" width=\"140\" height=\"140\" srcset=\"https:\/\/peripan.com.br\/wp-content\/uploads\/2025\/01\/24Nov14a-Selos-ABVTEX-ouro-300x300.png 300w, https:\/\/peripan.com.br\/wp-content\/uploads\/2025\/01\/24Nov14a-Selos-ABVTEX-ouro-150x150.png 150w, https:\/\/peripan.com.br\/wp-content\/uploads\/2025\/01\/24Nov14a-Selos-ABVTEX-ouro.png 945w\" sizes=\"auto, (max-width: 140px) 100vw, 140px\" \/><\/p>\n<\/div><\/div><\/div><\/div><\/div><\/div><\/section><section class=\"l-section wpb_row height_medium\"><div class=\"l-section-h i-cf\"><div class=\"g-cols vc_row via_grid cols_1 laptops-cols_inherit tablets-cols_inherit mobiles-cols_1 valign_top type_default stacking_default\"><div class=\"wpb_column vc_column_container\"><div class=\"vc_column-inner\"><div class=\"w-separator size_medium\"><\/div><\/div><\/div><\/div><\/div><\/section>\n","protected":false},"excerpt":{"rendered":"Pol\u00edtica da Qualidade A Peripan Industrial Ltda. busca ser a empresa de refer\u00eancia inovadora, reconhecida como a melhor op\u00e7\u00e3o por clientes, colaboradores e fornecedores, pela qualidade e confiabilidade de seus produtos. Estamos comprometidos com o aumento da satisfa\u00e7\u00e3o das partes interessadas, atrav\u00e9s da melhoria cont\u00ednua, fornecendo tecidos em algod\u00e3o puro e misturas, para aplica\u00e7\u00e3o em...","protected":false},"author":5,"featured_media":0,"parent":0,"menu_order":0,"comment_status":"closed","ping_status":"closed","template":"","meta":{"footnotes":""},"class_list":["post-443","page","type-page","status-publish","hentry"],"acf":[],"_links":{"self":[{"href":"https:\/\/peripan.com.br\/index.php?rest_route=\/wp\/v2\/pages\/443","targetHints":{"allow":["GET"]}}],"collection":[{"href":"https:\/\/peripan.com.br\/index.php?rest_route=\/wp\/v2\/pages"}],"about":[{"href":"https:\/\/peripan.com.br\/index.php?rest_route=\/wp\/v2\/types\/page"}],"author":[{"embeddable":true,"href":"https:\/\/peripan.com.br\/index.php?rest_route=\/wp\/v2\/users\/5"}],"replies":[{"embeddable":true,"href":"https:\/\/peripan.com.br\/index.php?rest_route=%2Fwp%2Fv2%2Fcomments&post=443"}],"version-history":[{"count":39,"href":"https:\/\/peripan.com.br\/index.php?rest_route=\/wp\/v2\/pages\/443\/revisions"}],"predecessor-version":[{"id":12024,"href":"https:\/\/peripan.com.br\/index.php?rest_route=\/wp\/v2\/pages\/443\/revisions\/12024"}],"wp:attachment":[{"href":"https:\/\/peripan.com.br\/index.php?rest_route=%2Fwp%2Fv2%2Fmedia&parent=443"}],"curies":[{"name":"wp","href":"https:\/\/api.w.org\/{rel}","templated":true}]}}