{"id":434,"date":"2024-02-14T08:32:56","date_gmt":"2024-02-14T11:32:56","guid":{"rendered":"https:\/\/peripan.com.br\/?page_id=434"},"modified":"2024-07-08T13:58:46","modified_gmt":"2024-07-08T16:58:46","slug":"sobre-nos","status":"publish","type":"page","link":"https:\/\/peripan.com.br\/?page_id=434","title":{"rendered":"Sobre N\u00f3s"},"content":{"rendered":"<section class=\"l-section wpb_row height_auto with_img\"><div class=\"l-section-img\" data-img-width=\"1920\" data-img-height=\"400\" style=\"background-image: url(https:\/\/peripan.com.br\/wp-content\/uploads\/2024\/02\/bg.jpg);\"><\/div><div class=\"l-section-h i-cf\"><div class=\"g-cols vc_row via_grid cols_1 laptops-cols_inherit tablets-cols_inherit mobiles-cols_1 valign_bottom type_default stacking_default\"><div class=\"wpb_column vc_column_container\"><div class=\"vc_column-inner\"><div class=\"w-separator size_custom\" style=\"height:70px\"><\/div><div class=\"g-cols wpb_row us_custom_e29fe34e via_grid cols_1 laptops-cols_inherit tablets-cols_inherit mobiles-cols_1 valign_bottom type_default stacking_default\"><div class=\"wpb_column vc_column_container\"><div class=\"vc_column-inner\"><div class=\"wpb_text_column us_custom_5f3ccf0d has_text_color\"><div class=\"wpb_wrapper\"><h2>O <strong>Grupo<\/strong><\/h2>\n<\/div><\/div><\/div><\/div><\/div><\/div><\/div><\/div><\/div><\/section><section class=\"l-section wpb_row height_small\"><div class=\"l-section-h i-cf\"><div class=\"g-cols vc_row via_grid cols_2 laptops-cols_inherit tablets-cols_inherit mobiles-cols_1 valign_middle type_default stacking_default\"><div class=\"wpb_column vc_column_container\"><div class=\"vc_column-inner\"><div class=\"wpb_text_column\"><div class=\"wpb_wrapper\"><p style=\"text-align: justify;\">O <strong>GRUPO PERIPAN<\/strong>, composto pelas empresas <strong>Peripan Industrial Ltda. e Confec\u00e7\u00e3o<\/strong> e <strong>Passamanaria Destaque<\/strong> <strong>Ltda.<\/strong>, est\u00e1 localizado em Minas Gerais, no Distrito Industrial de Ita\u00fana, em uma <strong>\u00e1rea constru\u00edda de 20.000 m\u00b2<\/strong>.<\/p>\n<p style=\"text-align: justify;\">Desde sua <strong>funda\u00e7\u00e3o em 1984<\/strong>, o Grupo Peripan n\u00e3o cessou seus investimentos. Nossa ind\u00fastria verticalizada est\u00e1 equipada com <strong>m\u00e1quinas de \u00faltima gera\u00e7\u00e3o<\/strong> para fiar, tecer e acabar. Produzimos artigos de qualidade para vestu\u00e1rio, como tricoline e sarjas com elastano 100% algod\u00e3o, tecidos para a ind\u00fastria cal\u00e7adista, lonas e sarjas dubladas e n\u00e3o dubladas, sendo <strong>l\u00edderes na produ\u00e7\u00e3o e comercializa\u00e7\u00e3o de vi\u00e9s 100% algod\u00e3o<\/strong>. Nosso acabamento est\u00e1 preparado para tingimento reativo e estamparia nos processos rotativos de pigmento e digital reativo, al\u00e9m de tecidos ramados, calandrados e sanforizados.<\/p>\n<p style=\"text-align: justify;\">Somos <strong>certificados<\/strong> com a <strong>ISO9001<\/strong> e contamos com representantes comerciais em todo o Brasil e pa\u00edses da Am\u00e9rica do Sul.<\/p>\n<p><img loading=\"lazy\" decoding=\"async\" class=\"wp-image-5679 aligncenter\" src=\"https:\/\/peripan.com.br\/wp-content\/uploads\/2024\/05\/ISO-9001-1-300x150.png\" alt=\"\" width=\"342\" height=\"171\" srcset=\"https:\/\/peripan.com.br\/wp-content\/uploads\/2024\/05\/ISO-9001-1-300x150.png 300w, https:\/\/peripan.com.br\/wp-content\/uploads\/2024\/05\/ISO-9001-1-1024x512.png 1024w\" sizes=\"auto, (max-width: 342px) 100vw, 342px\" \/><\/p>\n<\/div><\/div><\/div><\/div><div class=\"wpb_column vc_column_container\"><div class=\"vc_column-inner\"><div id=\"ultimate-video-824669f264a72851d\" class=\"ult-video  ult-adjust-bottom-margin ultimate-video-824669f264a72851d ultv-8837 \"><div class=\"ultv-video ultv-aspect-ratio-16_9 ultv-subscribe-responsive-none\" data-videotype=\"uv_iframe\">\n\t\t\t\t\t\t<div class=\"ultv-video__outer-wrap\" data-autoplay=\"1\" data-device=\"false\"  data-iconbg=\"#3A3A3A\" data-overcolor=\"\" data-defaultbg=\"#1f1f1e\" data-defaultplay=\"defaulticon\"><div class=\"ultv-video__play\" data-src=\"https:\/\/www.youtube.com\/embed\/z1vaODOpTwU?autoplay=1&amp;rel=0&amp;start&amp;end&amp;controls=1&amp;mute=0&amp;modestbranding=0&amp;autoplay=1\">\n\t\t\t\t\t\t\t\t<img decoding=\"async\" class=\"ultv-video__thumb\" src=\"https:\/\/i.ytimg.com\/vi\/z1vaODOpTwU\/maxresdefault.jpg\"\/>\n\t\t\t\t\t\t\t\t<div class=\"ultv-video__play-icon  ultv-animation-none\" style=\"width:75px\"><svg height=\"100%\" version=\"1.1\" viewBox=\"0 0 68 48\" width=\"100%\"><path class=\"ultv-youtube-icon-bg\" d=\"m .66,37.62 c 0,0 .66,4.70 2.70,6.77 2.58,2.71 5.98,2.63 7.49,2.91 5.43,.52 23.10,.68 23.12,.68 .00,-1.3e-5 14.29,-0.02 23.81,-0.71 1.32,-0.15 4.22,-0.17 6.81,-2.89 2.03,-2.07 2.70,-6.77 2.70,-6.77 0,0 .67,-5.52 .67,-11.04 l 0,-5.17 c 0,-5.52 -0.67,-11.04 -0.67,-11.04 0,0 -0.66,-4.70 -2.70,-6.77 C 62.03,.86 59.13,.84 57.80,.69 48.28,0 34.00,0 34.00,0 33.97,0 19.69,0 10.18,.69 8.85,.84 5.95,.86 3.36,3.58 1.32,5.65 .66,10.35 .66,10.35 c 0,0 -0.55,4.50 -0.66,9.45 l 0,8.36 c .10,4.94 .66,9.45 .66,9.45 z\" fill=\"#1f1f1e\" ><\/path><path d=\"m 26.96,13.67 18.37,9.62 -18.37,9.55 -0.00,-19.17 z\" fill=\"#fff\"><\/path><path d=\"M 45.02,23.46 45.32,23.28 26.96,13.67 43.32,22.34 45.02,23.46 z\" fill=\"#ccc\"><\/path><\/svg><\/div> <\/div> <\/div><\/div><\/div><\/div><\/div><\/div><\/div><\/section><section class=\"l-section wpb_row us_custom_13e4d4c0 height_auto\"><div class=\"l-section-overlay\" style=\"background:linear-gradient(90deg,#bd0606,#820000)\"><\/div><div class=\"l-section-h i-cf\"><div class=\"g-cols vc_row via_grid cols_1 laptops-cols_inherit tablets-cols_inherit mobiles-cols_1 valign_top type_default stacking_default\"><div class=\"wpb_column vc_column_container\"><div class=\"vc_column-inner\"><div class=\"w-separator size_custom\" style=\"height:10px\"><\/div><\/div><\/div><\/div><\/div><\/section><section class=\"l-section wpb_row us_custom_077817da height_auto width_full\"><div class=\"l-section-h i-cf\"><div class=\"g-cols vc_row via_grid cols_1 laptops-cols_inherit tablets-cols_inherit mobiles-cols_1 valign_top type_default stacking_default\"><div class=\"wpb_column vc_column_container\"><div class=\"vc_column-inner\"><div id=\"ult-carousel-131918998469f264a729267\" class=\"ult-carousel-wrapper   ult_horizontal\" data-gutter=\"0\" data-rtl=\"false\" ><div class=\"ult-carousel-394234301269f264a72923b \" ><div class=\"ult-item-wrap\" data-animation=\"animated no-animation\"><div class=\"w-image align_none\"><a href=\"https:\/\/peripan.com.br\/wp-content\/uploads\/2024\/07\/AN_1037-scaled.jpg\" ref=\"magnificPopup\" aria-label=\"Link\" class=\"w-image-h\"><img loading=\"lazy\" decoding=\"async\" width=\"1024\" height=\"683\" src=\"https:\/\/peripan.com.br\/wp-content\/uploads\/2024\/07\/AN_1037-1024x683.jpg\" class=\"attachment-large size-large\" alt=\"\" srcset=\"https:\/\/peripan.com.br\/wp-content\/uploads\/2024\/07\/AN_1037-1024x683.jpg 1024w, https:\/\/peripan.com.br\/wp-content\/uploads\/2024\/07\/AN_1037-300x200.jpg 300w\" sizes=\"auto, (max-width: 1024px) 100vw, 1024px\" \/><\/a><\/div><\/div><div class=\"ult-item-wrap\" data-animation=\"animated no-animation\"><div class=\"w-image align_none\"><a href=\"https:\/\/peripan.com.br\/wp-content\/uploads\/2024\/07\/AN_1137-scaled.jpg\" ref=\"magnificPopup\" aria-label=\"Link\" class=\"w-image-h\"><img loading=\"lazy\" decoding=\"async\" width=\"1024\" height=\"683\" src=\"https:\/\/peripan.com.br\/wp-content\/uploads\/2024\/07\/AN_1137-1024x683.jpg\" class=\"attachment-large size-large\" alt=\"\" srcset=\"https:\/\/peripan.com.br\/wp-content\/uploads\/2024\/07\/AN_1137-1024x683.jpg 1024w, https:\/\/peripan.com.br\/wp-content\/uploads\/2024\/07\/AN_1137-300x200.jpg 300w\" sizes=\"auto, (max-width: 1024px) 100vw, 1024px\" \/><\/a><\/div><\/div><div class=\"ult-item-wrap\" data-animation=\"animated no-animation\"><div class=\"w-image align_none\"><a href=\"https:\/\/peripan.com.br\/wp-content\/uploads\/2024\/07\/AN_1386-scaled.jpg\" ref=\"magnificPopup\" aria-label=\"Link\" class=\"w-image-h\"><img loading=\"lazy\" decoding=\"async\" width=\"1024\" height=\"683\" src=\"https:\/\/peripan.com.br\/wp-content\/uploads\/2024\/07\/AN_1386-1024x683.jpg\" class=\"attachment-large size-large\" alt=\"\" srcset=\"https:\/\/peripan.com.br\/wp-content\/uploads\/2024\/07\/AN_1386-1024x683.jpg 1024w, https:\/\/peripan.com.br\/wp-content\/uploads\/2024\/07\/AN_1386-300x200.jpg 300w\" sizes=\"auto, (max-width: 1024px) 100vw, 1024px\" \/><\/a><\/div><\/div><div class=\"ult-item-wrap\" data-animation=\"animated no-animation\"><div class=\"w-image align_none\"><a href=\"https:\/\/peripan.com.br\/wp-content\/uploads\/2024\/07\/AN_1272-1-scaled.jpg\" ref=\"magnificPopup\" aria-label=\"Link\" class=\"w-image-h\"><img loading=\"lazy\" decoding=\"async\" width=\"1024\" height=\"683\" src=\"https:\/\/peripan.com.br\/wp-content\/uploads\/2024\/07\/AN_1272-1-1024x683.jpg\" class=\"attachment-large size-large\" alt=\"\" srcset=\"https:\/\/peripan.com.br\/wp-content\/uploads\/2024\/07\/AN_1272-1-1024x683.jpg 1024w, https:\/\/peripan.com.br\/wp-content\/uploads\/2024\/07\/AN_1272-1-300x200.jpg 300w\" sizes=\"auto, (max-width: 1024px) 100vw, 1024px\" \/><\/a><\/div><\/div><div class=\"ult-item-wrap\" data-animation=\"animated no-animation\"><div class=\"w-image align_none\"><a href=\"https:\/\/peripan.com.br\/wp-content\/uploads\/2024\/07\/AN_1470-scaled.jpg\" ref=\"magnificPopup\" aria-label=\"Link\" class=\"w-image-h\"><img loading=\"lazy\" decoding=\"async\" width=\"1024\" height=\"683\" src=\"https:\/\/peripan.com.br\/wp-content\/uploads\/2024\/07\/AN_1470-1024x683.jpg\" class=\"attachment-large size-large\" alt=\"\" srcset=\"https:\/\/peripan.com.br\/wp-content\/uploads\/2024\/07\/AN_1470-1024x683.jpg 1024w, https:\/\/peripan.com.br\/wp-content\/uploads\/2024\/07\/AN_1470-300x200.jpg 300w\" sizes=\"auto, (max-width: 1024px) 100vw, 1024px\" \/><\/a><\/div><\/div><div class=\"ult-item-wrap\" data-animation=\"animated no-animation\"><div class=\"w-image align_none\"><a href=\"https:\/\/peripan.com.br\/wp-content\/uploads\/2024\/07\/AN_1402-scaled.jpg\" ref=\"magnificPopup\" aria-label=\"Link\" class=\"w-image-h\"><img loading=\"lazy\" decoding=\"async\" width=\"1024\" height=\"683\" src=\"https:\/\/peripan.com.br\/wp-content\/uploads\/2024\/07\/AN_1402-1024x683.jpg\" class=\"attachment-large size-large\" alt=\"\" srcset=\"https:\/\/peripan.com.br\/wp-content\/uploads\/2024\/07\/AN_1402-1024x683.jpg 1024w, https:\/\/peripan.com.br\/wp-content\/uploads\/2024\/07\/AN_1402-300x200.jpg 300w\" sizes=\"auto, (max-width: 1024px) 100vw, 1024px\" \/><\/a><\/div><\/div><div class=\"ult-item-wrap\" data-animation=\"animated no-animation\"><div class=\"w-image align_none\"><a href=\"https:\/\/peripan.com.br\/wp-content\/uploads\/2024\/07\/AN_1331-scaled.jpg\" ref=\"magnificPopup\" aria-label=\"Link\" class=\"w-image-h\"><img loading=\"lazy\" decoding=\"async\" width=\"1024\" height=\"683\" src=\"https:\/\/peripan.com.br\/wp-content\/uploads\/2024\/07\/AN_1331-1024x683.jpg\" class=\"attachment-large size-large\" alt=\"\" srcset=\"https:\/\/peripan.com.br\/wp-content\/uploads\/2024\/07\/AN_1331-1024x683.jpg 1024w, https:\/\/peripan.com.br\/wp-content\/uploads\/2024\/07\/AN_1331-300x200.jpg 300w\" sizes=\"auto, (max-width: 1024px) 100vw, 1024px\" \/><\/a><\/div><\/div><div class=\"ult-item-wrap\" data-animation=\"animated no-animation\"><div class=\"w-image align_none\"><a href=\"https:\/\/peripan.com.br\/wp-content\/uploads\/2024\/07\/AN_1670-scaled.jpg\" ref=\"magnificPopup\" aria-label=\"Link\" class=\"w-image-h\"><img loading=\"lazy\" decoding=\"async\" width=\"1024\" height=\"683\" src=\"https:\/\/peripan.com.br\/wp-content\/uploads\/2024\/07\/AN_1670-1024x683.jpg\" class=\"attachment-large size-large\" alt=\"\" srcset=\"https:\/\/peripan.com.br\/wp-content\/uploads\/2024\/07\/AN_1670-1024x683.jpg 1024w, https:\/\/peripan.com.br\/wp-content\/uploads\/2024\/07\/AN_1670-300x200.jpg 300w\" sizes=\"auto, (max-width: 1024px) 100vw, 1024px\" \/><\/a><\/div><\/div><div class=\"ult-item-wrap\" data-animation=\"animated no-animation\"><div class=\"w-image align_none\"><a href=\"https:\/\/peripan.com.br\/wp-content\/uploads\/2024\/07\/AN_1854-scaled.jpg\" ref=\"magnificPopup\" aria-label=\"Link\" class=\"w-image-h\"><img loading=\"lazy\" decoding=\"async\" width=\"1024\" height=\"683\" src=\"https:\/\/peripan.com.br\/wp-content\/uploads\/2024\/07\/AN_1854-1024x683.jpg\" class=\"attachment-large size-large\" alt=\"\" srcset=\"https:\/\/peripan.com.br\/wp-content\/uploads\/2024\/07\/AN_1854-1024x683.jpg 1024w, https:\/\/peripan.com.br\/wp-content\/uploads\/2024\/07\/AN_1854-300x200.jpg 300w\" sizes=\"auto, (max-width: 1024px) 100vw, 1024px\" \/><\/a><\/div><\/div><div class=\"ult-item-wrap\" data-animation=\"animated no-animation\"><div class=\"w-image align_none\"><a href=\"https:\/\/peripan.com.br\/wp-content\/uploads\/2024\/07\/AN_1755-scaled.jpg\" ref=\"magnificPopup\" aria-label=\"Link\" class=\"w-image-h\"><img loading=\"lazy\" decoding=\"async\" width=\"1024\" height=\"683\" src=\"https:\/\/peripan.com.br\/wp-content\/uploads\/2024\/07\/AN_1755-1024x683.jpg\" class=\"attachment-large size-large\" alt=\"\" srcset=\"https:\/\/peripan.com.br\/wp-content\/uploads\/2024\/07\/AN_1755-1024x683.jpg 1024w, https:\/\/peripan.com.br\/wp-content\/uploads\/2024\/07\/AN_1755-300x200.jpg 300w\" sizes=\"auto, (max-width: 1024px) 100vw, 1024px\" \/><\/a><\/div><\/div><\/div><\/div>\t\t\t<script type=\"text\/javascript\">\n\t\t\t\tjQuery(document).ready(function ($) {\n\t\t\t\t\tif( typeof jQuery('.ult-carousel-394234301269f264a72923b').slick == \"function\"){\n\t\t\t\t\t\t$('.ult-carousel-394234301269f264a72923b').slick({dots: true,autoplay: true,autoplaySpeed: 3000,speed: 300,infinite: true,arrows: true,nextArrow: '<button type=\"button\" role=\"button\" aria-label=\"Next\" style=\"color:#333333; font-size:20px;\" class=\"slick-next default\"><i class=\"ultsl-arrow-right4\"><\/i><\/button>',prevArrow: '<button type=\"button\" role=\"button\" aria-label=\"Previous\" style=\"color:#333333; font-size:20px;\" class=\"slick-prev default\"><i class=\"ultsl-arrow-left4\"><\/i><\/button>',slidesToScroll:1,slidesToShow:5,swipe: true,draggable: true,touchMove: true,pauseOnHover: true,pauseOnFocus: false,responsive: [\n\t\t\t\t\t\t\t{\n\t\t\t\t\t\t\t  breakpoint: 1026,\n\t\t\t\t\t\t\t  settings: {\n\t\t\t\t\t\t\t\tslidesToShow: 5,\n\t\t\t\t\t\t\t\tslidesToScroll: 1,  \n\t\t\t\t\t\t\t  }\n\t\t\t\t\t\t\t},\n\t\t\t\t\t\t\t{\n\t\t\t\t\t\t\t  breakpoint: 1025,\n\t\t\t\t\t\t\t  settings: {\n\t\t\t\t\t\t\t\tslidesToShow: 2,\n\t\t\t\t\t\t\t\tslidesToScroll: 1\n\t\t\t\t\t\t\t  }\n\t\t\t\t\t\t\t},\n\t\t\t\t\t\t\t{\n\t\t\t\t\t\t\t  breakpoint: 760,\n\t\t\t\t\t\t\t  settings: {\n\t\t\t\t\t\t\t\tslidesToShow: 1,\n\t\t\t\t\t\t\t\tslidesToScroll: 1\n\t\t\t\t\t\t\t  }\n\t\t\t\t\t\t\t}\n\t\t\t\t\t\t],pauseOnDotsHover: true,customPaging: function(slider, i) {\n                   return '<i type=\"button\" style= \"color:#333333;\" class=\"ultsl-record\" data-role=\"none\"><\/i>';\n                },});\n\t\t\t\t\t}\n\t\t\t\t});\n\t\t\t<\/script>\n\t\t\t<\/div><\/div><\/div><\/div><\/section>\n","protected":false},"excerpt":{"rendered":"O Grupo O GRUPO PERIPAN, composto pelas empresas Peripan Industrial Ltda. e Confec\u00e7\u00e3o e Passamanaria Destaque Ltda., est\u00e1 localizado em Minas Gerais, no Distrito Industrial de Ita\u00fana, em uma \u00e1rea constru\u00edda de 20.000 m\u00b2. Desde sua funda\u00e7\u00e3o em 1984, o Grupo Peripan n\u00e3o cessou seus investimentos. Nossa ind\u00fastria verticalizada est\u00e1 equipada com m\u00e1quinas de \u00faltima...","protected":false},"author":5,"featured_media":0,"parent":0,"menu_order":0,"comment_status":"closed","ping_status":"closed","template":"","meta":{"footnotes":""},"class_list":["post-434","page","type-page","status-publish","hentry"],"acf":[],"_links":{"self":[{"href":"https:\/\/peripan.com.br\/index.php?rest_route=\/wp\/v2\/pages\/434","targetHints":{"allow":["GET"]}}],"collection":[{"href":"https:\/\/peripan.com.br\/index.php?rest_route=\/wp\/v2\/pages"}],"about":[{"href":"https:\/\/peripan.com.br\/index.php?rest_route=\/wp\/v2\/types\/page"}],"author":[{"embeddable":true,"href":"https:\/\/peripan.com.br\/index.php?rest_route=\/wp\/v2\/users\/5"}],"replies":[{"embeddable":true,"href":"https:\/\/peripan.com.br\/index.php?rest_route=%2Fwp%2Fv2%2Fcomments&post=434"}],"version-history":[{"count":85,"href":"https:\/\/peripan.com.br\/index.php?rest_route=\/wp\/v2\/pages\/434\/revisions"}],"predecessor-version":[{"id":6518,"href":"https:\/\/peripan.com.br\/index.php?rest_route=\/wp\/v2\/pages\/434\/revisions\/6518"}],"wp:attachment":[{"href":"https:\/\/peripan.com.br\/index.php?rest_route=%2Fwp%2Fv2%2Fmedia&parent=434"}],"curies":[{"name":"wp","href":"https:\/\/api.w.org\/{rel}","templated":true}]}}