{"id":4090,"date":"2024-04-02T14:42:25","date_gmt":"2024-04-02T17:42:25","guid":{"rendered":"https:\/\/peripan.com.br\/?page_id=4090"},"modified":"2024-04-02T14:42:25","modified_gmt":"2024-04-02T17:42:25","slug":"fale-conosco","status":"publish","type":"page","link":"https:\/\/peripan.com.br\/?page_id=4090","title":{"rendered":"Fale Conosco"},"content":{"rendered":"<section class=\"l-section wpb_row height_auto with_img\"><div class=\"l-section-img\" data-img-width=\"1920\" data-img-height=\"400\" style=\"background-image: url(https:\/\/peripan.com.br\/wp-content\/uploads\/2024\/02\/bg.jpg);\"><\/div><div class=\"l-section-h i-cf\"><div class=\"g-cols vc_row via_grid cols_1 laptops-cols_inherit tablets-cols_inherit mobiles-cols_1 valign_bottom type_default stacking_default\"><div class=\"wpb_column vc_column_container\"><div class=\"vc_column-inner\"><div class=\"w-separator size_custom\" style=\"height:70px\"><\/div><div class=\"g-cols wpb_row us_custom_e29fe34e via_grid cols_1 laptops-cols_inherit tablets-cols_inherit mobiles-cols_1 valign_bottom type_default stacking_default\"><div class=\"wpb_column vc_column_container\"><div class=\"vc_column-inner\"><div class=\"wpb_text_column us_custom_5f3ccf0d has_text_color\"><div class=\"wpb_wrapper\"><h2>Fale Conosco<\/h2>\n<\/div><\/div><\/div><\/div><\/div><\/div><\/div><\/div><\/div><\/section><section class=\"l-section wpb_row height_small\"><div class=\"l-section-h i-cf\"><div class=\"g-cols vc_row via_grid cols_2-1 laptops-cols_inherit tablets-cols_inherit mobiles-cols_1 valign_top type_default stacking_default\"><div class=\"wpb_column vc_column_container\"><div class=\"vc_column-inner\"><div class=\"wpb_text_column\"><div class=\"wpb_wrapper\"><p>Fa\u00e7a contato preenchendo os campos do formul\u00e1rio abaixo:<\/p>\n<\/div><\/div><div class=\"wpb_text_column\"><div class=\"wpb_wrapper\"><div class=\"wpforms-container wpforms-container-full wpforms-render-modern\" id=\"wpforms-731\"><form id=\"wpforms-form-731\" class=\"wpforms-validate wpforms-form wpforms-ajax-form\" data-formid=\"731\" method=\"post\" enctype=\"multipart\/form-data\" action=\"\/index.php?rest_route=%2Fwp%2Fv2%2Fpages%2F4090\" data-token=\"d93fc72508cda3efe537c61144a95997\"><noscript class=\"wpforms-error-noscript\">Ative o JavaScript no seu navegador para preencher este formul\u00e1rio.<\/noscript><div class=\"wpforms-hidden\" id=\"wpforms-error-noscript\">Ative o JavaScript no seu navegador para preencher este formul\u00e1rio.<\/div><div class=\"wpforms-field-container\"><div id=\"wpforms-731-field_9-container\" class=\"wpforms-field wpforms-field-select wpforms-field-select-style-classic\" data-field-id=\"9\"><label class=\"wpforms-field-label\" for=\"wpforms-731-field_9\">Departamento<\/label><select id=\"wpforms-731-field_9\" class=\"wpforms-field-medium\" name=\"wpforms[fields][9]\"><option value=\"Administrativo\" >Administrativo<\/option><option value=\"Fornecedores\" >Fornecedores<\/option><option value=\"Televendas\" >Televendas<\/option><\/select><\/div><div id=\"wpforms-731-field_2-container\" class=\"wpforms-field wpforms-field-text\" data-field-id=\"2\"><label class=\"wpforms-field-label\" for=\"wpforms-731-field_2\">Nome <span class=\"wpforms-required-label\" aria-hidden=\"true\">*<\/span><\/label><input type=\"text\" id=\"wpforms-731-field_2\" class=\"wpforms-field-medium wpforms-field-required\" name=\"wpforms[fields][2]\" aria-errormessage=\"wpforms-731-field_2-error\" required><\/div><div id=\"wpforms-731-field_3-container\" class=\"wpforms-field wpforms-field-email\" data-field-id=\"3\"><label class=\"wpforms-field-label\" for=\"wpforms-731-field_3\">E-mail <span class=\"wpforms-required-label\" aria-hidden=\"true\">*<\/span><\/label><input type=\"email\" id=\"wpforms-731-field_3\" class=\"wpforms-field-medium wpforms-field-required\" name=\"wpforms[fields][3]\" spellcheck=\"false\" aria-errormessage=\"wpforms-731-field_3-error\" required><\/div><div id=\"wpforms-731-field_4-container\" class=\"wpforms-field wpforms-field-phone\" data-field-id=\"4\"><label class=\"wpforms-field-label\" for=\"wpforms-731-field_4\">Telefone <span class=\"wpforms-required-label\" aria-hidden=\"true\">*<\/span><\/label><input type=\"tel\" id=\"wpforms-731-field_4\" class=\"wpforms-field-medium wpforms-field-required wpforms-smart-phone-field\" data-rule-smart-phone-field=\"true\" name=\"wpforms[fields][4]\" aria-errormessage=\"wpforms-731-field_4-error\" required><\/div><div id=\"wpforms-731-field_8-container\" class=\"wpforms-field wpforms-field-text\" data-field-id=\"8\"><label class=\"wpforms-field-label\" for=\"wpforms-731-field_8\">CNPJ <span class=\"wpforms-required-label\" aria-hidden=\"true\">*<\/span><\/label><input type=\"text\" id=\"wpforms-731-field_8\" class=\"wpforms-field-medium wpforms-field-required wpforms-masked-input\" data-rule-inputmask-incomplete=\"1\" data-inputmask-mask=\"99.999.999\/9999-99\" name=\"wpforms[fields][8]\" aria-errormessage=\"wpforms-731-field_8-error\" required><\/div><div id=\"wpforms-731-field_10-container\" class=\"wpforms-field wpforms-field-text\" data-field-id=\"10\"><label class=\"wpforms-field-label\" for=\"wpforms-731-field_10\">Qual a sua regi\u00e3o? <span class=\"wpforms-required-label\" aria-hidden=\"true\">*<\/span><\/label><input type=\"text\" id=\"wpforms-731-field_10\" class=\"wpforms-field-medium wpforms-field-required\" name=\"wpforms[fields][10]\" aria-errormessage=\"wpforms-731-field_10-error\" required><\/div><div id=\"wpforms-731-field_7-container\" class=\"wpforms-field wpforms-field-textarea\" data-field-id=\"7\"><label class=\"wpforms-field-label\" for=\"wpforms-731-field_7\">Mensagem <span class=\"wpforms-required-label\" aria-hidden=\"true\">*<\/span><\/label><textarea id=\"wpforms-731-field_7\" class=\"wpforms-field-medium wpforms-field-required\" name=\"wpforms[fields][7]\" aria-errormessage=\"wpforms-731-field_7-error\" required><\/textarea><\/div><div id=\"wpforms-731-field_6-container\" class=\"wpforms-field wpforms-field-checkbox\" data-field-id=\"6\"><fieldset><legend class=\"wpforms-field-label\">Informa\u00e7\u00f5es B\u00e1sicas de Seguran\u00e7a:  <span class=\"wpforms-required-label\" aria-hidden=\"true\">*<\/span><\/legend><ul id=\"wpforms-731-field_6\" class=\"wpforms-field-required\"><li class=\"choice-1 depth-1\"><input type=\"checkbox\" id=\"wpforms-731-field_6_1\" name=\"wpforms[fields][6][]\" value=\"Eu aceito o cadastro dos meus dados pessoais acima solicitados para receber promo\u00e7\u00f5es, informativos e ofertas por meio de WhatsApp e outros contatos da Peripan Industrial, de acordo com a nossa Pol\u00edtica de Privacidade. Caso queira excluir o seu cadastro, favor entrar em contato com o nosso DPO C\u00e9sar Augusto, atrav\u00e9s do e-mail: dpo@peripan.com.br.\" aria-errormessage=\"wpforms-731-field_6_1-error\" required ><label class=\"wpforms-field-label-inline\" for=\"wpforms-731-field_6_1\">Eu aceito o cadastro dos meus dados pessoais acima solicitados para receber promo\u00e7\u00f5es, informativos e ofertas por meio de WhatsApp e outros contatos da Peripan Industrial, de acordo com a nossa Pol\u00edtica de Privacidade. Caso queira excluir o seu cadastro, favor entrar em contato com o nosso DPO C\u00e9sar Augusto, atrav\u00e9s do e-mail: dpo@peripan.com.br.<\/label><\/li><\/ul><\/fieldset><\/div><\/div><!-- .wpforms-field-container --><div class=\"wpforms-submit-container\" ><input type=\"hidden\" name=\"wpforms[id]\" value=\"731\"><input type=\"hidden\" name=\"wpforms[author]\" value=\"5\"><button type=\"submit\" name=\"wpforms[submit]\" id=\"wpforms-submit-731\" class=\"wpforms-submit\" data-alt-text=\"Enviando\u2026\" data-submit-text=\"Enviar\" aria-live=\"assertive\" value=\"wpforms-submit\">Enviar<\/button><img loading=\"lazy\" decoding=\"async\" src=\"https:\/\/peripan.com.br\/wp-content\/plugins\/wpforms\/assets\/images\/submit-spin.svg\" class=\"wpforms-submit-spinner\" style=\"display: none;\" width=\"26\" height=\"26\" alt=\"Carregando\"><\/div><\/form><\/div>  <!-- .wpforms-container -->\n<\/div><\/div><\/div><\/div><div class=\"wpb_column vc_column_container\"><div class=\"vc_column-inner\">[vc_raw_html]JTNDaWZyYW1lJTIwd2lkdGglM0QlMjIxMDAlMjUlMjIlMjBoZWlnaHQlM0QlMjI1NTAlMjIlMjBzdHlsZSUzRCUyMmJvcmRlciUzQSUyMDAlMjIlMjBsb2FkaW5nJTNEJTIybGF6eSUyMiUwQSUwOSUwOSUwOSUwOSUwOWFsbG93ZnVsbHNjcmVlbiUyMHJlZmVycmVycG9saWN5JTNEJTIybm8tcmVmZXJyZXItd2hlbi1kb3duZ3JhZGUlMjIlMEElMDklMDklMDklMDklMDlzcmMlM0QlMjJodHRwcyUzQSUyRiUyRnd3dy5nb29nbGUuY29tJTJGbWFwcyUyRmVtYmVkJTJGdjElMkZwbGFjZSUzRmtleSUzREFJemFTeUFXT2N6VmNoSVpxSUtGNXdqN1hmTGxSMGNoMlFxZFdRZyUwQSUyMCUyMCUyMCUyMCUwOSUyNmFtcCUzQnElM0RSdWElMjBIb3J0byUyMDk0MCUyMERpc3RyaXRvJTIwSW5kdXN0cmlhbCUyMEl0YSVDMyVCQW5hJTIwTUclMjAzNTY4MS03NzklMjIlM0UlMEElMDklMDklMDklMDklM0MlMkZpZnJhbWUlM0U=[\/vc_raw_html]<\/div><\/div><\/div><\/div><\/section>\n","protected":false},"excerpt":{"rendered":"Fale Conosco Fa\u00e7a contato preenchendo os campos do formul\u00e1rio abaixo: Ative o JavaScript no seu navegador para preencher este formul\u00e1rio.Ative o JavaScript no seu navegador para preencher este formul\u00e1rio.DepartamentoAdministrativoFornecedoresTelevendasNome *E-mail *Telefone *CNPJ *Qual a sua regi\u00e3o? *Mensagem *Informa\u00e7\u00f5es B\u00e1sicas de Seguran\u00e7a: *Eu aceito o cadastro dos meus dados pessoais acima solicitados para receber promo\u00e7\u00f5es, informativos...","protected":false},"author":5,"featured_media":0,"parent":447,"menu_order":0,"comment_status":"closed","ping_status":"closed","template":"","meta":{"footnotes":""},"class_list":["post-4090","page","type-page","status-publish","hentry"],"acf":[],"_links":{"self":[{"href":"https:\/\/peripan.com.br\/index.php?rest_route=\/wp\/v2\/pages\/4090","targetHints":{"allow":["GET"]}}],"collection":[{"href":"https:\/\/peripan.com.br\/index.php?rest_route=\/wp\/v2\/pages"}],"about":[{"href":"https:\/\/peripan.com.br\/index.php?rest_route=\/wp\/v2\/types\/page"}],"author":[{"embeddable":true,"href":"https:\/\/peripan.com.br\/index.php?rest_route=\/wp\/v2\/users\/5"}],"replies":[{"embeddable":true,"href":"https:\/\/peripan.com.br\/index.php?rest_route=%2Fwp%2Fv2%2Fcomments&post=4090"}],"version-history":[{"count":1,"href":"https:\/\/peripan.com.br\/index.php?rest_route=\/wp\/v2\/pages\/4090\/revisions"}],"predecessor-version":[{"id":4091,"href":"https:\/\/peripan.com.br\/index.php?rest_route=\/wp\/v2\/pages\/4090\/revisions\/4091"}],"up":[{"embeddable":true,"href":"https:\/\/peripan.com.br\/index.php?rest_route=\/wp\/v2\/pages\/447"}],"wp:attachment":[{"href":"https:\/\/peripan.com.br\/index.php?rest_route=%2Fwp%2Fv2%2Fmedia&parent=4090"}],"curies":[{"name":"wp","href":"https:\/\/api.w.org\/{rel}","templated":true}]}}