{"id":345,"date":"2024-02-07T13:18:44","date_gmt":"2024-02-07T16:18:44","guid":{"rendered":"https:\/\/peripan.com.br\/?page_id=345"},"modified":"2024-02-07T14:54:29","modified_gmt":"2024-02-07T17:54:29","slug":"representantes","status":"publish","type":"page","link":"https:\/\/peripan.com.br\/?page_id=345","title":{"rendered":"Representantes"},"content":{"rendered":"<section class=\"l-section wpb_row height_medium\"><div class=\"l-section-h i-cf\"><div class=\"g-cols vc_row via_grid cols_2 laptops-cols_inherit tablets-cols_inherit mobiles-cols_1 valign_top type_default stacking_default\"><div class=\"wpb_column vc_column_container\"><div class=\"vc_column-inner\"><div class=\"wpb_text_column\"><div class=\"wpb_wrapper\"><p style=\"text-align: justify;\">O princ\u00edpio b\u00e1sico do comercial Peripan \u00e9 fornecer ao mercado produtos de qualidade, com pre\u00e7os acess\u00edveis e em tempo real. O atendimento comercial se estende a todos os estados brasileiros e pa\u00edses da Am\u00e9rica do Sul.<\/p>\n<p style=\"text-align: justify;\">As vendas s\u00e3o realizadas pela nossa equipe de representantes comerciais regionalizados, e pelo telemarketing.Comercializamos a nossa produ\u00e7\u00e3o de vi\u00e9s Destaque, Tijuca, Tecidos para o vestu\u00e1rio e Tecidos especiais para ind\u00fastria cal\u00e7adista.<\/p>\n<p style=\"text-align: justify;\">Selecione seu estado ao lado e veja quem est\u00e1 mais pr\u00f3ximo de voc\u00ea!<\/p>\n<p style=\"text-align: justify;\">Al\u00e9m dos representantes, voc\u00ea pode entrar em contato atrav\u00e9s da nossa Central de Atendimento.<\/p>\n<p style=\"text-align: justify;\">Telefone: +55 37 3249-4200<\/p>\n<p style=\"text-align: justify;\">Ser\u00e1 um prazer atend\u00ea-lo !<\/p>\n<\/div><\/div><\/div><\/div><div class=\"wpb_column vc_column_container\"><div class=\"vc_column-inner\"><div class=\"wpb_text_column\"><div class=\"wpb_wrapper\"><div class=\"map_wrapper\" id=\"map_wrapper_23\">\r\n<div class=\"map_box\" style=\"max-width:2000px\">\r\n<div class=\"map_aspect_ratio\" style=\"padding-top:100%\" data-padding-top=\"100%\" data-padding-top-mobile=\"0%\">\r\n<div class=\"map_container\">\r\n<div class=\"map_render map_loading\" id=\"map_23\"><\/div>\r\n<\/div>\r\n<\/div>\r\n<\/div>\r\n<\/div>\n<\/div><\/div><\/div><\/div><\/div><\/div><\/section><section class=\"l-section wpb_row height_small\" id=\"listarepresentantes\"><div class=\"l-section-h i-cf\"><div class=\"g-cols vc_row via_grid cols_1 laptops-cols_inherit tablets-cols_inherit mobiles-cols_1 valign_top type_default stacking_default\"><div class=\"wpb_column vc_column_container\"><div class=\"vc_column-inner\"><div class=\"wpb_text_column us_custom_120ae01c has_text_color us_animate_this\"><div class=\"wpb_wrapper\"><p style=\"text-align: center;\">Representantes<\/p>\n<\/div><\/div><div class=\"w-separator us_custom_acaf4ece has_text_color size_custom\" style=\"height:10px\"><\/div><div class=\"wpb_text_column\"><div class=\"wpb_wrapper\"><div class=\"w-grid type_grid layout_326 hidden cols_2\" id=\"us_grid_1\" data-filterable=\"true\"><style>#us_grid_1 .w-grid-item{padding:1.5rem}#us_grid_1 .w-grid-list{margin:-1.5rem -1.5rem 1.5rem}.w-grid + #us_grid_1 .w-grid-list,.w-grid-none + #us_grid_1 .w-grid-list{margin-top:1.5rem}@media (max-width:600px){#us_grid_1 .w-grid-list{margin:0}#us_grid_1 .w-grid-item{width:100%;padding:0;margin-bottom:1.5rem}}.layout_326 .w-grid-item-h{box-shadow:0 0rem 0rem rgba(0,0,0,0.1),0 0rem 0rem rgba(0,0,0,0.1);transition-duration:0.3s}.no-touch .layout_326 .w-grid-item-h:hover{box-shadow:0 0.11rem 0.22rem rgba(0,0,0,0.1),0 0.37rem 1.1rem rgba(0,0,0,0.15);z-index:4}.layout_326 .usg_vwrapper_1{transition-duration:0.3s;transform-origin:50% 50%;transform:scale(1) translate(0%,10px)}.layout_326 .w-grid-item-h:hover .usg_vwrapper_1{transform:scale(1) translate(0%,0%);opacity:1}.layout_326 .usg_vwrapper_1{border-radius:5px!important;padding:15px!important;background:#f5f5f5!important;border:1px solid #999999!important}<\/style><div class=\"w-grid-list\"><\/div><div class=\"w-grid-preloader\"><div class=\"g-preloader type_1\">\r\n\t<div><\/div>\r\n<\/div>\r\n<\/div>\t<div class=\"w-grid-json hidden\" onclick='return {&quot;action&quot;:&quot;us_ajax_grid&quot;,&quot;ajax_url&quot;:&quot;https:\\\/\\\/peripan.com.br\\\/wp-admin\\\/admin-ajax.php&quot;,&quot;infinite_scroll&quot;:0,&quot;max_num_pages&quot;:0,&quot;pagination&quot;:&quot;infinite&quot;,&quot;permalink_url&quot;:&quot;https:\\\/\\\/peripan.com.br&quot;,&quot;template_vars&quot;:{&quot;columns&quot;:&quot;2&quot;,&quot;exclude_items&quot;:&quot;none&quot;,&quot;img_size&quot;:&quot;default&quot;,&quot;ignore_items_size&quot;:0,&quot;items_layout&quot;:&quot;326&quot;,&quot;items_offset&quot;:&quot;1&quot;,&quot;load_animation&quot;:&quot;none&quot;,&quot;overriding_link&quot;:&quot;none&quot;,&quot;post_id&quot;:0,&quot;query_args&quot;:{&quot;post_type&quot;:[&quot;representantes&quot;],&quot;tax_query&quot;:[{&quot;taxonomy&quot;:&quot;representante_estado&quot;,&quot;field&quot;:&quot;slug&quot;,&quot;terms&quot;:[&quot;nenhum&quot;]}],&quot;post_status&quot;:[&quot;publish&quot;,&quot;acf-disabled&quot;,&quot;wpzoom-hidden&quot;],&quot;posts_per_page&quot;:&quot;10&quot;},&quot;orderby_query_args&quot;:{&quot;orderby&quot;:{&quot;date&quot;:&quot;DESC&quot;}},&quot;type&quot;:&quot;grid&quot;,&quot;us_grid_ajax_index&quot;:1,&quot;us_grid_filter_params&quot;:null,&quot;us_grid_index&quot;:1,&quot;_us_grid_post_type&quot;:&quot;representantes&quot;,&quot;page_args&quot;:[]}}'><\/div>\r\n\t<\/div>\n<\/div><\/div><\/div><\/div><\/div><\/div><\/section>\n","protected":false},"excerpt":{"rendered":"O princ\u00edpio b\u00e1sico do comercial Peripan \u00e9 fornecer ao mercado produtos de qualidade, com pre\u00e7os acess\u00edveis e em tempo real. O atendimento comercial se estende a todos os estados brasileiros e pa\u00edses da Am\u00e9rica do Sul. As vendas s\u00e3o realizadas pela nossa equipe de representantes comerciais regionalizados, e pelo telemarketing.Comercializamos a nossa produ\u00e7\u00e3o de vi\u00e9s...","protected":false},"author":5,"featured_media":0,"parent":0,"menu_order":0,"comment_status":"closed","ping_status":"closed","template":"","meta":{"footnotes":""},"class_list":["post-345","page","type-page","status-publish","hentry"],"acf":[],"_links":{"self":[{"href":"https:\/\/peripan.com.br\/index.php?rest_route=\/wp\/v2\/pages\/345","targetHints":{"allow":["GET"]}}],"collection":[{"href":"https:\/\/peripan.com.br\/index.php?rest_route=\/wp\/v2\/pages"}],"about":[{"href":"https:\/\/peripan.com.br\/index.php?rest_route=\/wp\/v2\/types\/page"}],"author":[{"embeddable":true,"href":"https:\/\/peripan.com.br\/index.php?rest_route=\/wp\/v2\/users\/5"}],"replies":[{"embeddable":true,"href":"https:\/\/peripan.com.br\/index.php?rest_route=%2Fwp%2Fv2%2Fcomments&post=345"}],"version-history":[{"count":14,"href":"https:\/\/peripan.com.br\/index.php?rest_route=\/wp\/v2\/pages\/345\/revisions"}],"predecessor-version":[{"id":366,"href":"https:\/\/peripan.com.br\/index.php?rest_route=\/wp\/v2\/pages\/345\/revisions\/366"}],"wp:attachment":[{"href":"https:\/\/peripan.com.br\/index.php?rest_route=%2Fwp%2Fv2%2Fmedia&parent=345"}],"curies":[{"name":"wp","href":"https:\/\/api.w.org\/{rel}","templated":true}]}}